{"id":466,"date":"2022-03-01T12:07:39","date_gmt":"2022-03-01T12:07:39","guid":{"rendered":"https:\/\/www.gavending.be\/snack-automaten\/gamme-des-distributeurs-de-snacks\/"},"modified":"2023-12-27T12:11:38","modified_gmt":"2023-12-27T11:11:38","slug":"gamma-voor-snack-automaten","status":"publish","type":"page","link":"https:\/\/www.gavending.be\/nl\/snack-automaten\/gamma-voor-snack-automaten\/","title":{"rendered":"Gamma voor snack automaten"},"content":{"rendered":"<div class=\"wpb-content-wrapper\"><p>[vc_row][vc_column][vc_empty_space height=&#8221;70px&#8221;][vc_custom_heading text=&#8221;D\u00e9couvrez nos<br \/>\n<i>distributeurs de snack<\/i>&#8221; font_container=&#8221;tag:h1|text_align:center&#8221; use_theme_fonts=&#8221;yes&#8221;][vc_empty_space height=&#8221;15px&#8221;][vc_raw_html el_class=&#8221;borderr-h mb-0&#8243;][\/vc_raw_html][vc_empty_space height=&#8221;40px&#8221;][vc_column_text el_class=&#8221;text-center&#8221;]<strong>Nos distributeurs de snack v<\/strong>ous proposent un large panel de<strong> confiseries sucr\u00e9es ou sal\u00e9es<\/strong> comme les biscuits, barres chocolat\u00e9es, p\u00e2tisseries, gaufres, frangipanes, bonbons, snacks sal\u00e9s, chips&#8230;<\/p>\n<p>Gr\u00e2ce \u00e0 notre full service nous nous chargeons du r\u00e9approvisionnement des distributeurs \u00e0 friandises et de la maintenance technique.[\/vc_column_text][vc_empty_space height=&#8221;70px&#8221;][vc_row_inner gap=&#8221;35&#8243;][vc_column_inner width=&#8221;1\/2&#8243;]<div class=\"bb-ultimate-carousel\"><div class='bb-ultimate-carousel-slider  no_frames next_pre_in_out-inside  ' data-settings={&quot;autoplay&quot;:true,&quot;rows&quot;:1,&quot;slidesPerRow&quot;:1,&quot;slidesToShow&quot;:1,&quot;responsive&quot;:[]} >[vc_single_image image=&#8221;390&#8243; img_size=&#8221;medium&#8221; alignment=&#8221;center&#8221; onclick=&#8221;link_image&#8221;]<\/div><\/div>[vc_btn title=&#8221;En savoir plus&#8221; style=&#8221;custom&#8221; custom_background=&#8221;#ffffff&#8221; custom_text=&#8221;#000000&#8243; shape=&#8221;square&#8221; size=&#8221;lg&#8221; align=&#8221;center&#8221; i_align=&#8221;right&#8221; i_type=&#8221;material&#8221; i_icon_material=&#8221;vc-material vc-material-mail_outline&#8221; button_block=&#8221;true&#8221; add_icon=&#8221;true&#8221; link=&#8221;url:%2Fcontact%2F&#8221;][\/vc_column_inner][vc_column_inner width=&#8221;1\/2&#8243;][vc_custom_heading text=&#8221;Sanden Vendo<br \/>\n<i>G-snack lim 5<\/i>&#8221; use_theme_fonts=&#8221;yes&#8221;][vc_separator color=&#8221;custom&#8221; border_width=&#8221;2&#8243; accent_color=&#8221;rgba(0,0,0,0.1)&#8221; el_class=&#8221;pt-2&#8243;][vc_toggle title=&#8221;Dimensions&#8221; style=&#8221;simple&#8221; size=&#8221;lg&#8221; open=&#8221;true&#8221;]<strong>Longueur<\/strong> : 1 m 83<br \/>\n<strong>Largeur :<\/strong> 72,5 cm<br \/>\n<strong>Profondeur :<\/strong> 84,5 cm<\/p>\n<p>[\/vc_toggle][\/vc_column_inner][\/vc_row_inner][vc_separator color=&#8221;custom&#8221; border_width=&#8221;3&#8243; accent_color=&#8221;#000000&#8243; el_class=&#8221;pt-3 pb-3&#8243;][vc_row_inner gap=&#8221;35&#8243;][vc_column_inner width=&#8221;1\/2&#8243;]<div class=\"bb-ultimate-carousel\"><div class='bb-ultimate-carousel-slider  no_frames next_pre_in_out-inside  ' data-settings={&quot;autoplay&quot;:true,&quot;rows&quot;:1,&quot;slidesPerRow&quot;:1,&quot;slidesToShow&quot;:1,&quot;responsive&quot;:[]} >[vc_single_image image=&#8221;391&#8243; img_size=&#8221;medium&#8221; alignment=&#8221;center&#8221; onclick=&#8221;link_image&#8221;]<\/div><\/div>[vc_btn title=&#8221;En savoir plus&#8221; style=&#8221;custom&#8221; custom_background=&#8221;#ffffff&#8221; custom_text=&#8221;#000000&#8243; shape=&#8221;square&#8221; size=&#8221;lg&#8221; align=&#8221;center&#8221; i_align=&#8221;right&#8221; i_type=&#8221;material&#8221; i_icon_material=&#8221;vc-material vc-material-mail_outline&#8221; button_block=&#8221;true&#8221; add_icon=&#8221;true&#8221; link=&#8221;url:%2Fcontact%2F&#8221;][\/vc_column_inner][vc_column_inner width=&#8221;1\/2&#8243;][vc_custom_heading text=&#8221;Sanden Vendo<br \/>\n<i>G-snack plus HS 6 ou 8<\/i>&#8221; use_theme_fonts=&#8221;yes&#8221;][vc_separator color=&#8221;custom&#8221; border_width=&#8221;2&#8243; accent_color=&#8221;rgba(0,0,0,0.1)&#8221; el_class=&#8221;pt-2&#8243;][vc_toggle title=&#8221;Dimensions&#8221; style=&#8221;simple&#8221; size=&#8221;lg&#8221; open=&#8221;true&#8221;]<strong>Longueur :<\/strong> 1 m 83<br \/>\n<strong>Largeur :<\/strong> 83 cm \u00e0 98 cm<br \/>\n<strong>Profondeur :<\/strong> 84,5 cm[\/vc_toggle][\/vc_column_inner][\/vc_row_inner][vc_separator color=&#8221;custom&#8221; border_width=&#8221;3&#8243; accent_color=&#8221;#000000&#8243; el_class=&#8221;pt-3 pb-3&#8243;][vc_row_inner gap=&#8221;35&#8243;][vc_column_inner width=&#8221;1\/2&#8243;]<div class=\"bb-ultimate-carousel\"><div class='bb-ultimate-carousel-slider  no_frames next_pre_in_out-inside  ' data-settings={&quot;autoplay&quot;:true,&quot;rows&quot;:1,&quot;slidesPerRow&quot;:1,&quot;slidesToShow&quot;:1,&quot;responsive&quot;:[]} >[vc_single_image image=&#8221;392&#8243; img_size=&#8221;medium&#8221; alignment=&#8221;center&#8221; onclick=&#8221;link_image&#8221;][vc_single_image image=&#8221;393&#8243; img_size=&#8221;medium&#8221; alignment=&#8221;center&#8221; onclick=&#8221;link_image&#8221;]<\/div><\/div>[vc_btn title=&#8221;En savoir plus&#8221; style=&#8221;custom&#8221; custom_background=&#8221;#ffffff&#8221; custom_text=&#8221;#000000&#8243; shape=&#8221;square&#8221; size=&#8221;lg&#8221; align=&#8221;center&#8221; i_align=&#8221;right&#8221; i_type=&#8221;material&#8221; i_icon_material=&#8221;vc-material vc-material-mail_outline&#8221; button_block=&#8221;true&#8221; add_icon=&#8221;true&#8221; link=&#8221;url:%2Fcontact%2F&#8221;][\/vc_column_inner][vc_column_inner width=&#8221;1\/2&#8243;][vc_custom_heading text=&#8221;Sanden Vendo<br \/>\n<i>G-snack plus HS 6 ou 8<\/i>&#8221; use_theme_fonts=&#8221;yes&#8221;][vc_separator color=&#8221;custom&#8221; border_width=&#8221;2&#8243; accent_color=&#8221;rgba(0,0,0,0.1)&#8221; el_class=&#8221;pt-2&#8243;][vc_toggle title=&#8221;Dimensions&#8221; style=&#8221;simple&#8221; size=&#8221;lg&#8221; open=&#8221;true&#8221;]<strong>Longueur :<\/strong> 1 m 83<br \/>\n<strong>Largeur :<\/strong> 87,5 cm<br \/>\n<strong>Profondeur :<\/strong> 78 cm[\/vc_toggle][\/vc_column_inner][\/vc_row_inner][vc_empty_space height=&#8221;70px&#8221;][\/vc_column][\/vc_row]<\/p>\n<\/div>","protected":false},"excerpt":{"rendered":"<p>[vc_row][vc_column][vc_empty_space height=&#8221;70px&#8221;][vc_custom_heading text=&#8221;D\u00e9couvrez nos distributeurs de snack&#8221; font_container=&#8221;tag:h1|text_align:center&#8221; use_theme_fonts=&#8221;yes&#8221;][vc_empty_space height=&#8221;15px&#8221;][vc_raw_html el_class=&#8221;borderr-h mb-0&#8243;][\/vc_raw_html][vc_empty_space height=&#8221;40px&#8221;][vc_column_text el_class=&#8221;text-center&#8221;]Nos distributeurs de snack vous proposent un large panel de confiseries sucr\u00e9es ou sal\u00e9es comme les biscuits, barres chocolat\u00e9es, p\u00e2tisseries, gaufres, frangipanes, bonbons, snacks sal\u00e9s, chips&#8230; Gr\u00e2ce \u00e0 notre full service nous nous chargeons du r\u00e9approvisionnement des distributeurs \u00e0 friandises et de [&hellip;]<\/p>\n","protected":false},"author":3,"featured_media":388,"parent":463,"menu_order":0,"comment_status":"closed","ping_status":"closed","template":"","meta":{"inline_featured_image":false,"footnotes":""},"class_list":["post-466","page","type-page","status-publish","has-post-thumbnail","hentry"],"_links":{"self":[{"href":"https:\/\/www.gavending.be\/nl\/wp-json\/wp\/v2\/pages\/466","targetHints":{"allow":["GET"]}}],"collection":[{"href":"https:\/\/www.gavending.be\/nl\/wp-json\/wp\/v2\/pages"}],"about":[{"href":"https:\/\/www.gavending.be\/nl\/wp-json\/wp\/v2\/types\/page"}],"author":[{"embeddable":true,"href":"https:\/\/www.gavending.be\/nl\/wp-json\/wp\/v2\/users\/3"}],"replies":[{"embeddable":true,"href":"https:\/\/www.gavending.be\/nl\/wp-json\/wp\/v2\/comments?post=466"}],"version-history":[{"count":0,"href":"https:\/\/www.gavending.be\/nl\/wp-json\/wp\/v2\/pages\/466\/revisions"}],"up":[{"embeddable":true,"href":"https:\/\/www.gavending.be\/nl\/wp-json\/wp\/v2\/pages\/463"}],"wp:featuredmedia":[{"embeddable":true,"href":"https:\/\/www.gavending.be\/nl\/wp-json\/wp\/v2\/media\/388"}],"wp:attachment":[{"href":"https:\/\/www.gavending.be\/nl\/wp-json\/wp\/v2\/media?parent=466"}],"curies":[{"name":"wp","href":"https:\/\/api.w.org\/{rel}","templated":true}]}}